{"id":4638,"date":"2022-11-13T21:15:19","date_gmt":"2022-11-14T02:15:19","guid":{"rendered":"https:\/\/maxicomprasonline.com\/?post_type=product&#038;p=4638"},"modified":"2023-02-24T11:29:50","modified_gmt":"2023-02-24T16:29:50","slug":"special-seeds-super-skunk","status":"publish","type":"product","link":"https:\/\/maxicomprasonline.com\/?product=special-seeds-super-skunk","title":{"rendered":"SPECIAL SEEDS SUPER SKUNK"},"content":{"rendered":"<p><strong>SUPER SKUNK:<\/strong><br \/>\n<strong>SATIVA<\/strong>: 70%<br \/>\n<strong>THC<\/strong>: 15%<br \/>\n<strong>CBD<\/strong>: medio<br \/>\n<strong>TIEMPO DE FLORACION<\/strong>: 7 &#8211; 8 semanas<br \/>\n<strong>EFECTO<\/strong>: Euforico, activador<br \/>\n<strong>ORIGEN:\u00a0<\/strong>+Afghani +Skunk<\/p>\n<p>Gracias a su robusta gen\u00e9tica Skunk y Afghana, la Super Skunk presenta una flabilidad y consistencia \u00fanicas en el cultivo, independientemente del entorno. Quienes la planten en interior podr\u00e1n aprovechar la estructura compacta y frondosa de esta cepa para ahorrar espacio, al mismo tiempo que obtienen unas cosechas decentes.<\/p>\n","protected":false},"excerpt":{"rendered":"<p>Gracias a su robusta gen\u00e9tica Skunk y Afghana, la Super Skunk presenta una flabilidad y consistencia \u00fanicas en el cultivo, independientemente del entorno. Quienes la planten en interior podr\u00e1n aprovechar la estructura compacta y frondosa de esta cepa para ahorrar espacio, al mismo tiempo que obtienen unas cosechas decentes.<\/p>\n","protected":false},"featured_media":4639,"comment_status":"open","ping_status":"closed","template":"","meta":{"site-sidebar-layout":"default","site-content-layout":"default","ast-global-header-display":"","ast-main-header-display":"","ast-hfb-above-header-display":"","ast-hfb-below-header-display":"","ast-hfb-mobile-header-display":"","site-post-title":"","ast-breadcrumbs-content":"","ast-featured-img":"","footer-sml-layout":"","theme-transparent-header-meta":"default","adv-header-id-meta":"","stick-header-meta":"","header-above-stick-meta":"","header-main-stick-meta":"","header-below-stick-meta":""},"product_cat":[27,29],"product_tag":[],"_links":{"self":[{"href":"https:\/\/maxicomprasonline.com\/index.php?rest_route=\/wp\/v2\/product\/4638"}],"collection":[{"href":"https:\/\/maxicomprasonline.com\/index.php?rest_route=\/wp\/v2\/product"}],"about":[{"href":"https:\/\/maxicomprasonline.com\/index.php?rest_route=\/wp\/v2\/types\/product"}],"replies":[{"embeddable":true,"href":"https:\/\/maxicomprasonline.com\/index.php?rest_route=%2Fwp%2Fv2%2Fcomments&post=4638"}],"wp:featuredmedia":[{"embeddable":true,"href":"https:\/\/maxicomprasonline.com\/index.php?rest_route=\/wp\/v2\/media\/4639"}],"wp:attachment":[{"href":"https:\/\/maxicomprasonline.com\/index.php?rest_route=%2Fwp%2Fv2%2Fmedia&parent=4638"}],"wp:term":[{"taxonomy":"product_cat","embeddable":true,"href":"https:\/\/maxicomprasonline.com\/index.php?rest_route=%2Fwp%2Fv2%2Fproduct_cat&post=4638"},{"taxonomy":"product_tag","embeddable":true,"href":"https:\/\/maxicomprasonline.com\/index.php?rest_route=%2Fwp%2Fv2%2Fproduct_tag&post=4638"}],"curies":[{"name":"wp","href":"https:\/\/api.w.org\/{rel}","templated":true}]}}