{"id":4603,"date":"2022-11-13T20:46:42","date_gmt":"2022-11-14T01:46:42","guid":{"rendered":"https:\/\/maxicomprasonline.com\/?post_type=product&#038;p=4603"},"modified":"2023-03-27T21:05:16","modified_gmt":"2023-03-28T02:05:16","slug":"g-black-hidra-bloom","status":"publish","type":"product","link":"https:\/\/maxicomprasonline.com\/?product=g-black-hidra-bloom","title":{"rendered":"G-BLACK HIDRA BLOOM"},"content":{"rendered":"<p><strong>Especificaciones t\u00e9cnicas:<\/strong><\/p>\n<p><strong>Nitrogeno Total (N):<\/strong> 4%<br \/>\n<strong>Fosforo Soluble (P2O5):<\/strong> 9%<br \/>\n<strong>Potasio (K2O):<\/strong> 14%<br \/>\n<strong>Calcio (CaO):<\/strong> 3%<br \/>\n<strong>pH:<\/strong> 4<\/p>\n<p>G-BLACK HIDRA BLOOM es un potente estimulador de floraci\u00f3n para plantas de cannabis que ha sido especialmente formulado para maximizar el rendimiento y la calidad de los cogollos. Este producto est\u00e1 dise\u00f1ado para ser utilizado en la fase de floraci\u00f3n de las plantas y ayuda a aumentar la producci\u00f3n de resina y aceites esenciales que dan sabor y aroma a la planta.<\/p>\n<p>La f\u00f3rmula \u00fanica de G-BLACK HIDRA BLOOM est\u00e1 enriquecida con una combinaci\u00f3n de nutrientes, minerales y amino\u00e1cidos que estimulan el desarrollo de las ra\u00edces, la floraci\u00f3n y la maduraci\u00f3n de los cogollos. Adem\u00e1s, su uso mejora la resistencia de la planta a los factores ambientales adversos, como el estr\u00e9s y las enfermedades.<\/p>\n<p>G-BLACK HIDRA BLOOM es f\u00e1cil de usar y se puede aplicar en cualquier medio de cultivo, ya sea tierra, coco o hidropon\u00eda. Su f\u00f3rmula altamente concentrada asegura que una peque\u00f1a cantidad sea suficiente para obtener resultados \u00f3ptimos.<\/p>\n<p>Si buscas maximizar el rendimiento y la calidad de tus plantas de cannabis en la fase de floraci\u00f3n, G-BLACK HIDRA BLOOM es una excelente opci\u00f3n. Con su f\u00f3rmula \u00fanica y altamente concentrada, puedes estar seguro de que tus plantas obtendr\u00e1n los nutrientes necesarios para desarrollar cogollos grandes, densos y arom\u00e1ticos.<\/p>\n","protected":false},"excerpt":{"rendered":"<p>Es un nutriente org\u00e1nico mineral desarrollado con los marcos y micronutrientes que se requieren en la etapa de floraci\u00f3n, su formula especializada garantiza portes extra de vitaminas y amino\u00e1cidos esenciales en el desarrollo de biomasa de la planta.<\/p>\n<p>Es una mezcla f\u00edsica de nutrientes debidamente balanceada, creada a partir de materias primas inorg\u00e1nicas, complementada con bioestimulantes de origen natural con el fin de estimulare incrementar la floraci\u00f3n en las plantas.<\/p>\n<p>Propiedades: Estimula el aumento en la floraci\u00f3n de las plantas.<\/p>\n","protected":false},"featured_media":4604,"comment_status":"open","ping_status":"closed","template":"","meta":{"site-sidebar-layout":"default","site-content-layout":"default","ast-global-header-display":"","ast-main-header-display":"","ast-hfb-above-header-display":"","ast-hfb-below-header-display":"","ast-hfb-mobile-header-display":"","site-post-title":"","ast-breadcrumbs-content":"","ast-featured-img":"","footer-sml-layout":"","theme-transparent-header-meta":"default","adv-header-id-meta":"","stick-header-meta":"","header-above-stick-meta":"","header-main-stick-meta":"","header-below-stick-meta":""},"product_cat":[22,30],"product_tag":[],"_links":{"self":[{"href":"https:\/\/maxicomprasonline.com\/index.php?rest_route=\/wp\/v2\/product\/4603"}],"collection":[{"href":"https:\/\/maxicomprasonline.com\/index.php?rest_route=\/wp\/v2\/product"}],"about":[{"href":"https:\/\/maxicomprasonline.com\/index.php?rest_route=\/wp\/v2\/types\/product"}],"replies":[{"embeddable":true,"href":"https:\/\/maxicomprasonline.com\/index.php?rest_route=%2Fwp%2Fv2%2Fcomments&post=4603"}],"wp:featuredmedia":[{"embeddable":true,"href":"https:\/\/maxicomprasonline.com\/index.php?rest_route=\/wp\/v2\/media\/4604"}],"wp:attachment":[{"href":"https:\/\/maxicomprasonline.com\/index.php?rest_route=%2Fwp%2Fv2%2Fmedia&parent=4603"}],"wp:term":[{"taxonomy":"product_cat","embeddable":true,"href":"https:\/\/maxicomprasonline.com\/index.php?rest_route=%2Fwp%2Fv2%2Fproduct_cat&post=4603"},{"taxonomy":"product_tag","embeddable":true,"href":"https:\/\/maxicomprasonline.com\/index.php?rest_route=%2Fwp%2Fv2%2Fproduct_tag&post=4603"}],"curies":[{"name":"wp","href":"https:\/\/api.w.org\/{rel}","templated":true}]}}