{"id":4601,"date":"2022-11-13T20:45:51","date_gmt":"2022-11-14T01:45:51","guid":{"rendered":"https:\/\/maxicomprasonline.com\/?post_type=product&#038;p=4601"},"modified":"2023-03-27T21:06:31","modified_gmt":"2023-03-28T02:06:31","slug":"g-black-cotossus-bud","status":"publish","type":"product","link":"https:\/\/maxicomprasonline.com\/?product=g-black-cotossus-bud","title":{"rendered":"G-BLACK COTOSSUS BUD"},"content":{"rendered":"<p>G-BLACK COTOSSUS BUD es un poderoso estimulador de cogollos dise\u00f1ado para mejorar la calidad, el aroma y la densidad de los cogollos de tus plantas de cannabis. Este producto contiene una f\u00f3rmula exclusiva y avanzada que ha sido desarrollada para aumentar la producci\u00f3n de tricomas, resinas y aceites esenciales que le dan sabor y aroma a tus plantas.<\/p>\n<p>G-BLACK COTOSSUS BUD ha sido formulado con una combinaci\u00f3n \u00fanica de nutrientes, minerales y amino\u00e1cidos que estimulan el desarrollo de los cogollos y mejoran la calidad de la planta. Adem\u00e1s, su f\u00f3rmula mejora la resistencia de las plantas a los factores ambientales adversos, como el estr\u00e9s y las enfermedades.<\/p>\n<p>Este estimulador de cogollos es f\u00e1cil de usar y se puede aplicar en cualquier medio de cultivo, ya sea tierra, coco o hidropon\u00eda. Su f\u00f3rmula altamente concentrada garantiza que una peque\u00f1a cantidad sea suficiente para obtener resultados \u00f3ptimos.<\/p>\n<p>Si buscas mejorar la calidad y el rendimiento de los cogollos de tus plantas de cannabis, G-BLACK COTOSSUS BUD es una excelente opci\u00f3n. Con su f\u00f3rmula avanzada y exclusiva, puedes estar seguro de que tus plantas obtendr\u00e1n los nutrientes necesarios para desarrollar cogollos grandes, densos y arom\u00e1ticos.<\/p>\n","protected":false},"excerpt":{"rendered":"<p><strong>COLOSSUS BUD<br \/>\n<\/strong><\/p>\n<p>Su f\u00f3rmula especializada aporta vitaminas y amino\u00e1cidos esenciales para un desarrollo \u00f3ptimo de la flor.<\/p>\n<p><strong>Aplicaci\u00f3n<\/strong><\/p>\n<p>Utilizar de 1 a 2 mL por litro de agua de riego a partir de la primera semana de floraci\u00f3n.<\/p>\n<p><strong>Precauciones<\/strong><\/p>\n<ul>\n<li>Se recomienda el uso de equipos de protecci\u00f3n para su aplicaci\u00f3n<\/li>\n<li>Se aconseja almacenar en un lugar fresco.<\/li>\n<\/ul>\n","protected":false},"featured_media":4600,"comment_status":"open","ping_status":"closed","template":"","meta":{"site-sidebar-layout":"default","site-content-layout":"default","ast-global-header-display":"","ast-main-header-display":"","ast-hfb-above-header-display":"","ast-hfb-below-header-display":"","ast-hfb-mobile-header-display":"","site-post-title":"","ast-breadcrumbs-content":"","ast-featured-img":"","footer-sml-layout":"","theme-transparent-header-meta":"default","adv-header-id-meta":"","stick-header-meta":"","header-above-stick-meta":"","header-main-stick-meta":"","header-below-stick-meta":""},"product_cat":[22,30],"product_tag":[],"_links":{"self":[{"href":"https:\/\/maxicomprasonline.com\/index.php?rest_route=\/wp\/v2\/product\/4601"}],"collection":[{"href":"https:\/\/maxicomprasonline.com\/index.php?rest_route=\/wp\/v2\/product"}],"about":[{"href":"https:\/\/maxicomprasonline.com\/index.php?rest_route=\/wp\/v2\/types\/product"}],"replies":[{"embeddable":true,"href":"https:\/\/maxicomprasonline.com\/index.php?rest_route=%2Fwp%2Fv2%2Fcomments&post=4601"}],"wp:featuredmedia":[{"embeddable":true,"href":"https:\/\/maxicomprasonline.com\/index.php?rest_route=\/wp\/v2\/media\/4600"}],"wp:attachment":[{"href":"https:\/\/maxicomprasonline.com\/index.php?rest_route=%2Fwp%2Fv2%2Fmedia&parent=4601"}],"wp:term":[{"taxonomy":"product_cat","embeddable":true,"href":"https:\/\/maxicomprasonline.com\/index.php?rest_route=%2Fwp%2Fv2%2Fproduct_cat&post=4601"},{"taxonomy":"product_tag","embeddable":true,"href":"https:\/\/maxicomprasonline.com\/index.php?rest_route=%2Fwp%2Fv2%2Fproduct_tag&post=4601"}],"curies":[{"name":"wp","href":"https:\/\/api.w.org\/{rel}","templated":true}]}}