{"id":4597,"date":"2022-11-13T20:41:28","date_gmt":"2022-11-14T01:41:28","guid":{"rendered":"https:\/\/maxicomprasonline.com\/?post_type=product&#038;p=4597"},"modified":"2023-03-27T21:15:35","modified_gmt":"2023-03-28T02:15:35","slug":"g-black-bud-bullk","status":"publish","type":"product","link":"https:\/\/maxicomprasonline.com\/?product=g-black-bud-bullk","title":{"rendered":"G-BLACK BUD BULLK"},"content":{"rendered":"<p>G-BLACK BUD BULK es un potente estimulador de floraci\u00f3n para plantas de cannabis dise\u00f1ado para mejorar el tama\u00f1o y la densidad de los cogollos. Esta f\u00f3rmula exclusiva contiene una combinaci\u00f3n \u00fanica de nutrientes, minerales y amino\u00e1cidos que estimulan el desarrollo de las ra\u00edces, la floraci\u00f3n y la maduraci\u00f3n de los cogollos, lo que se traduce en una mayor producci\u00f3n de tricomas, resinas y aceites esenciales.<\/p>\n<p>G-BLACK BUD BULK es f\u00e1cil de usar y se puede aplicar en cualquier medio de cultivo, ya sea tierra, coco o hidropon\u00eda. Su f\u00f3rmula altamente concentrada garantiza que una peque\u00f1a cantidad sea suficiente para obtener resultados \u00f3ptimos. Adem\u00e1s, este estimulador de floraci\u00f3n mejora la resistencia de las plantas a los factores ambientales adversos, como el estr\u00e9s y las enfermedades.<\/p>\n<p>Con G-BLACK BUD BULK, puedes estar seguro de que tus plantas de cannabis tendr\u00e1n los nutrientes necesarios para desarrollar cogollos grandes, densos y resinosos. Esta f\u00f3rmula exclusiva te ayudar\u00e1 a maximizar el rendimiento y la calidad de tus plantas durante la fase de floraci\u00f3n, lo que se traducir\u00e1 en una cosecha abundante y de alta calidad. Si buscas mejorar el tama\u00f1o y la densidad de los cogollos de tus plantas de cannabis, G-BLACK BUD BULK es una excelente opci\u00f3n.<\/p>\n","protected":false},"excerpt":{"rendered":"<p>G-BLACK BUD BULK es un potente estimulador de floraci\u00f3n para plantas de cannabis dise\u00f1ado para mejorar el tama\u00f1o y la densidad de los cogollos. Esta f\u00f3rmula exclusiva contiene una combinaci\u00f3n \u00fanica de nutrientes, minerales y amino\u00e1cidos que estimulan el desarrollo de las ra\u00edces, la floraci\u00f3n y la maduraci\u00f3n de los cogollos, lo que se traduce &hellip;<\/p>\n<p class=\"read-more\"> <a class=\"\" href=\"https:\/\/maxicomprasonline.com\/?product=g-black-bud-bullk\"> <span class=\"screen-reader-text\">G-BLACK BUD BULLK<\/span> Leer m\u00e1s &raquo;<\/a><\/p>\n","protected":false},"featured_media":4598,"comment_status":"open","ping_status":"closed","template":"","meta":{"site-sidebar-layout":"default","site-content-layout":"default","ast-global-header-display":"","ast-main-header-display":"","ast-hfb-above-header-display":"","ast-hfb-below-header-display":"","ast-hfb-mobile-header-display":"","site-post-title":"","ast-breadcrumbs-content":"","ast-featured-img":"","footer-sml-layout":"","theme-transparent-header-meta":"default","adv-header-id-meta":"","stick-header-meta":"","header-above-stick-meta":"","header-main-stick-meta":"","header-below-stick-meta":""},"product_cat":[22,30],"product_tag":[],"_links":{"self":[{"href":"https:\/\/maxicomprasonline.com\/index.php?rest_route=\/wp\/v2\/product\/4597"}],"collection":[{"href":"https:\/\/maxicomprasonline.com\/index.php?rest_route=\/wp\/v2\/product"}],"about":[{"href":"https:\/\/maxicomprasonline.com\/index.php?rest_route=\/wp\/v2\/types\/product"}],"replies":[{"embeddable":true,"href":"https:\/\/maxicomprasonline.com\/index.php?rest_route=%2Fwp%2Fv2%2Fcomments&post=4597"}],"wp:featuredmedia":[{"embeddable":true,"href":"https:\/\/maxicomprasonline.com\/index.php?rest_route=\/wp\/v2\/media\/4598"}],"wp:attachment":[{"href":"https:\/\/maxicomprasonline.com\/index.php?rest_route=%2Fwp%2Fv2%2Fmedia&parent=4597"}],"wp:term":[{"taxonomy":"product_cat","embeddable":true,"href":"https:\/\/maxicomprasonline.com\/index.php?rest_route=%2Fwp%2Fv2%2Fproduct_cat&post=4597"},{"taxonomy":"product_tag","embeddable":true,"href":"https:\/\/maxicomprasonline.com\/index.php?rest_route=%2Fwp%2Fv2%2Fproduct_tag&post=4597"}],"curies":[{"name":"wp","href":"https:\/\/api.w.org\/{rel}","templated":true}]}}