{"id":4595,"date":"2022-11-13T20:39:05","date_gmt":"2022-11-14T01:39:05","guid":{"rendered":"https:\/\/maxicomprasonline.com\/?post_type=product&#038;p=4595"},"modified":"2023-03-27T21:16:53","modified_gmt":"2023-03-28T02:16:53","slug":"g-black-hidra-grow","status":"publish","type":"product","link":"https:\/\/maxicomprasonline.com\/?product=g-black-hidra-grow","title":{"rendered":"G-BLACK HIDRA GROW"},"content":{"rendered":"<p>G-BLACK HIDRA GROW es un potente estimulador de crecimiento dise\u00f1ado para maximizar el crecimiento y desarrollo de tus plantas de cannabis. Este producto contiene una f\u00f3rmula exclusiva y avanzada que ha sido desarrollada para proporcionar los nutrientes necesarios para el crecimiento de las ra\u00edces y las hojas de la planta.<\/p>\n<p>G-BLACK HIDRA GROW est\u00e1 enriquecido con una combinaci\u00f3n de nutrientes, minerales y amino\u00e1cidos que estimulan el desarrollo de las ra\u00edces y las hojas de la planta, lo que aumenta la absorci\u00f3n de nutrientes y mejora la capacidad de la planta para resistir los factores ambientales adversos.<\/p>\n<p>Este estimulador de crecimiento es f\u00e1cil de usar y se puede aplicar en cualquier medio de cultivo, ya sea tierra, coco o hidropon\u00eda. Su f\u00f3rmula altamente concentrada garantiza que una peque\u00f1a cantidad sea suficiente para obtener resultados \u00f3ptimos.<\/p>\n<p>Si buscas maximizar el crecimiento y el desarrollo de tus plantas de cannabis, G-BLACK HIDRA GROW es una excelente opci\u00f3n. Con su f\u00f3rmula avanzada y exclusiva, puedes estar seguro de que tus plantas obtendr\u00e1n los nutrientes necesarios para desarrollar ra\u00edces y hojas fuertes y sanas.<\/p>\n","protected":false},"excerpt":{"rendered":"<p>G-BLACK HIDRA GROW es un potente estimulador de crecimiento dise\u00f1ado para maximizar el crecimiento y desarrollo de tus plantas de cannabis. Este producto contiene una f\u00f3rmula exclusiva y avanzada que ha sido desarrollada para proporcionar los nutrientes necesarios para el crecimiento de las ra\u00edces y las hojas de la planta. G-BLACK HIDRA GROW est\u00e1 enriquecido &hellip;<\/p>\n<p class=\"read-more\"> <a class=\"\" href=\"https:\/\/maxicomprasonline.com\/?product=g-black-hidra-grow\"> <span class=\"screen-reader-text\">G-BLACK HIDRA GROW<\/span> Leer m\u00e1s &raquo;<\/a><\/p>\n","protected":false},"featured_media":4596,"comment_status":"open","ping_status":"closed","template":"","meta":{"site-sidebar-layout":"default","site-content-layout":"default","ast-global-header-display":"","ast-main-header-display":"","ast-hfb-above-header-display":"","ast-hfb-below-header-display":"","ast-hfb-mobile-header-display":"","site-post-title":"","ast-breadcrumbs-content":"","ast-featured-img":"","footer-sml-layout":"","theme-transparent-header-meta":"default","adv-header-id-meta":"","stick-header-meta":"","header-above-stick-meta":"","header-main-stick-meta":"","header-below-stick-meta":""},"product_cat":[22,30],"product_tag":[],"_links":{"self":[{"href":"https:\/\/maxicomprasonline.com\/index.php?rest_route=\/wp\/v2\/product\/4595"}],"collection":[{"href":"https:\/\/maxicomprasonline.com\/index.php?rest_route=\/wp\/v2\/product"}],"about":[{"href":"https:\/\/maxicomprasonline.com\/index.php?rest_route=\/wp\/v2\/types\/product"}],"replies":[{"embeddable":true,"href":"https:\/\/maxicomprasonline.com\/index.php?rest_route=%2Fwp%2Fv2%2Fcomments&post=4595"}],"wp:featuredmedia":[{"embeddable":true,"href":"https:\/\/maxicomprasonline.com\/index.php?rest_route=\/wp\/v2\/media\/4596"}],"wp:attachment":[{"href":"https:\/\/maxicomprasonline.com\/index.php?rest_route=%2Fwp%2Fv2%2Fmedia&parent=4595"}],"wp:term":[{"taxonomy":"product_cat","embeddable":true,"href":"https:\/\/maxicomprasonline.com\/index.php?rest_route=%2Fwp%2Fv2%2Fproduct_cat&post=4595"},{"taxonomy":"product_tag","embeddable":true,"href":"https:\/\/maxicomprasonline.com\/index.php?rest_route=%2Fwp%2Fv2%2Fproduct_tag&post=4595"}],"curies":[{"name":"wp","href":"https:\/\/api.w.org\/{rel}","templated":true}]}}