{"id":4593,"date":"2022-11-13T20:37:12","date_gmt":"2022-11-14T01:37:12","guid":{"rendered":"https:\/\/maxicomprasonline.com\/?post_type=product&#038;p=4593"},"modified":"2023-03-27T21:18:02","modified_gmt":"2023-03-28T02:18:02","slug":"g-black-g-amix","status":"publish","type":"product","link":"https:\/\/maxicomprasonline.com\/?product=g-black-g-amix","title":{"rendered":"G-BLACK G-AMIX"},"content":{"rendered":"<p>G-BLACK G-AMIX es un innovador fertilizante l\u00edquido para plantas de cannabis que ha sido dise\u00f1ado para aumentar la calidad y el rendimiento de tus cosechas. Este producto contiene una f\u00f3rmula avanzada y exclusiva que combina una amplia gama de nutrientes, minerales y amino\u00e1cidos esenciales para la salud y el crecimiento de las plantas.<\/p>\n<p>La f\u00f3rmula de G-BLACK G-AMIX ha sido dise\u00f1ada para proporcionar una alimentaci\u00f3n completa y equilibrada a tus plantas de cannabis. Este fertilizante l\u00edquido es f\u00e1cil de usar y se puede aplicar en cualquier medio de cultivo, ya sea tierra, coco o hidropon\u00eda. Adem\u00e1s, su f\u00f3rmula altamente concentrada garantiza que una peque\u00f1a cantidad sea suficiente para obtener resultados \u00f3ptimos.<\/p>\n<p>G-BLACK G-AMIX ayuda a aumentar la producci\u00f3n de flores y mejora el sabor, el aroma y la textura de tus plantas de cannabis. Adem\u00e1s, su f\u00f3rmula ayuda a fortalecer las plantas, mejorando su resistencia a los factores ambientales adversos, como el estr\u00e9s y las enfermedades.<\/p>\n<p>Si est\u00e1s buscando un fertilizante l\u00edquido de calidad para tus plantas de cannabis, G-BLACK G-AMIX es una excelente opci\u00f3n. Con su f\u00f3rmula avanzada y exclusiva, puedes estar seguro de que tus plantas obtendr\u00e1n los nutrientes necesarios para producir cogollos grandes, densos y arom\u00e1ticos.<\/p>\n","protected":false},"excerpt":{"rendered":"<p>G-BLACK G-AMIX es un innovador fertilizante l\u00edquido para plantas de cannabis que ha sido dise\u00f1ado para aumentar la calidad y el rendimiento de tus cosechas. Este producto contiene una f\u00f3rmula avanzada y exclusiva que combina una amplia gama de nutrientes, minerales y amino\u00e1cidos esenciales para la salud y el crecimiento de las plantas. La f\u00f3rmula &hellip;<\/p>\n<p class=\"read-more\"> <a class=\"\" href=\"https:\/\/maxicomprasonline.com\/?product=g-black-g-amix\"> <span class=\"screen-reader-text\">G-BLACK G-AMIX<\/span> Leer m\u00e1s &raquo;<\/a><\/p>\n","protected":false},"featured_media":4594,"comment_status":"open","ping_status":"closed","template":"","meta":{"site-sidebar-layout":"default","site-content-layout":"default","ast-global-header-display":"","ast-main-header-display":"","ast-hfb-above-header-display":"","ast-hfb-below-header-display":"","ast-hfb-mobile-header-display":"","site-post-title":"","ast-breadcrumbs-content":"","ast-featured-img":"","footer-sml-layout":"","theme-transparent-header-meta":"default","adv-header-id-meta":"","stick-header-meta":"","header-above-stick-meta":"","header-main-stick-meta":"","header-below-stick-meta":""},"product_cat":[22,30],"product_tag":[],"_links":{"self":[{"href":"https:\/\/maxicomprasonline.com\/index.php?rest_route=\/wp\/v2\/product\/4593"}],"collection":[{"href":"https:\/\/maxicomprasonline.com\/index.php?rest_route=\/wp\/v2\/product"}],"about":[{"href":"https:\/\/maxicomprasonline.com\/index.php?rest_route=\/wp\/v2\/types\/product"}],"replies":[{"embeddable":true,"href":"https:\/\/maxicomprasonline.com\/index.php?rest_route=%2Fwp%2Fv2%2Fcomments&post=4593"}],"wp:featuredmedia":[{"embeddable":true,"href":"https:\/\/maxicomprasonline.com\/index.php?rest_route=\/wp\/v2\/media\/4594"}],"wp:attachment":[{"href":"https:\/\/maxicomprasonline.com\/index.php?rest_route=%2Fwp%2Fv2%2Fmedia&parent=4593"}],"wp:term":[{"taxonomy":"product_cat","embeddable":true,"href":"https:\/\/maxicomprasonline.com\/index.php?rest_route=%2Fwp%2Fv2%2Fproduct_cat&post=4593"},{"taxonomy":"product_tag","embeddable":true,"href":"https:\/\/maxicomprasonline.com\/index.php?rest_route=%2Fwp%2Fv2%2Fproduct_tag&post=4593"}],"curies":[{"name":"wp","href":"https:\/\/api.w.org\/{rel}","templated":true}]}}