{"id":4591,"date":"2022-11-13T20:35:49","date_gmt":"2022-11-14T01:35:49","guid":{"rendered":"https:\/\/maxicomprasonline.com\/?post_type=product&#038;p=4591"},"modified":"2023-03-27T21:40:47","modified_gmt":"2023-03-28T02:40:47","slug":"g-black-g-humix","status":"publish","type":"product","link":"https:\/\/maxicomprasonline.com\/?product=g-black-g-humix","title":{"rendered":"G-BLACK G-HUMIX"},"content":{"rendered":"<p>G-BLACK G-HUMIX es un innovador fertilizante l\u00edquido para plantas de cannabis que ha sido dise\u00f1ado para mejorar la calidad del suelo y aumentar la absorci\u00f3n de nutrientes por parte de las plantas. Este producto contiene una f\u00f3rmula exclusiva que combina humus de lombriz, \u00e1cidos h\u00famicos y f\u00falvicos, y una variedad de nutrientes y minerales esenciales.<\/p>\n<p>La f\u00f3rmula de G-BLACK G-HUMIX ayuda a mejorar la estructura del suelo, aumentando su capacidad para retener la humedad y los nutrientes. Adem\u00e1s, sus ingredientes activos ayudan a estimular el crecimiento de las ra\u00edces y mejorar la absorci\u00f3n de nutrientes por parte de las plantas.<\/p>\n<p>G-BLACK G-HUMIX es f\u00e1cil de usar y se puede aplicar en cualquier medio de cultivo, ya sea tierra, coco o hidropon\u00eda. Adem\u00e1s, su f\u00f3rmula altamente concentrada garantiza que una peque\u00f1a cantidad sea suficiente para obtener resultados \u00f3ptimos.<\/p>\n<p>Este fertilizante l\u00edquido ayuda a aumentar la producci\u00f3n de flores y mejora el sabor, el aroma y la textura de tus plantas de cannabis. Adem\u00e1s, su f\u00f3rmula ayuda a fortalecer las plantas, mejorando su resistencia a los factores ambientales adversos, como el estr\u00e9s y las enfermedades.<\/p>\n<p>Si buscas mejorar la calidad de tu suelo y aumentar la productividad de tus plantas, G-BLACK G-HUMIX es tu mejor opci\u00f3n.<\/p>\n","protected":false},"excerpt":{"rendered":"<p>G-BLACK G-HUMIX es un innovador fertilizante l\u00edquido para plantas de cannabis que ha sido dise\u00f1ado para mejorar la calidad del suelo y aumentar la absorci\u00f3n de nutrientes por parte de las plantas. Este producto contiene una f\u00f3rmula exclusiva que combina humus de lombriz, \u00e1cidos h\u00famicos y f\u00falvicos, y una variedad de nutrientes y minerales esenciales. &hellip;<\/p>\n<p class=\"read-more\"> <a class=\"\" href=\"https:\/\/maxicomprasonline.com\/?product=g-black-g-humix\"> <span class=\"screen-reader-text\">G-BLACK G-HUMIX<\/span> Leer m\u00e1s &raquo;<\/a><\/p>\n","protected":false},"featured_media":4592,"comment_status":"open","ping_status":"closed","template":"","meta":{"site-sidebar-layout":"default","site-content-layout":"default","ast-global-header-display":"","ast-main-header-display":"","ast-hfb-above-header-display":"","ast-hfb-below-header-display":"","ast-hfb-mobile-header-display":"","site-post-title":"","ast-breadcrumbs-content":"","ast-featured-img":"","footer-sml-layout":"","theme-transparent-header-meta":"default","adv-header-id-meta":"","stick-header-meta":"","header-above-stick-meta":"","header-main-stick-meta":"","header-below-stick-meta":""},"product_cat":[22,30],"product_tag":[],"_links":{"self":[{"href":"https:\/\/maxicomprasonline.com\/index.php?rest_route=\/wp\/v2\/product\/4591"}],"collection":[{"href":"https:\/\/maxicomprasonline.com\/index.php?rest_route=\/wp\/v2\/product"}],"about":[{"href":"https:\/\/maxicomprasonline.com\/index.php?rest_route=\/wp\/v2\/types\/product"}],"replies":[{"embeddable":true,"href":"https:\/\/maxicomprasonline.com\/index.php?rest_route=%2Fwp%2Fv2%2Fcomments&post=4591"}],"wp:featuredmedia":[{"embeddable":true,"href":"https:\/\/maxicomprasonline.com\/index.php?rest_route=\/wp\/v2\/media\/4592"}],"wp:attachment":[{"href":"https:\/\/maxicomprasonline.com\/index.php?rest_route=%2Fwp%2Fv2%2Fmedia&parent=4591"}],"wp:term":[{"taxonomy":"product_cat","embeddable":true,"href":"https:\/\/maxicomprasonline.com\/index.php?rest_route=%2Fwp%2Fv2%2Fproduct_cat&post=4591"},{"taxonomy":"product_tag","embeddable":true,"href":"https:\/\/maxicomprasonline.com\/index.php?rest_route=%2Fwp%2Fv2%2Fproduct_tag&post=4591"}],"curies":[{"name":"wp","href":"https:\/\/api.w.org\/{rel}","templated":true}]}}